{"id":58,"date":"2022-02-15T16:39:45","date_gmt":"2022-02-15T15:39:45","guid":{"rendered":"https:\/\/www.rashmi-grashorn.de\/wp\/?page_id=58"},"modified":"2022-08-09T11:31:45","modified_gmt":"2022-08-09T09:31:45","slug":"ueber-mich","status":"publish","type":"page","link":"https:\/\/www.rashmi-grashorn.de\/wp\/?page_id=58","title":{"rendered":"\u00dcber mich"},"content":{"rendered":"\t\t<div data-elementor-type=\"wp-page\" data-elementor-id=\"58\" class=\"elementor elementor-58\">\n\t\t\t\t\t\t\t\t\t<section class=\"elementor-section elementor-top-section elementor-element elementor-element-28f585a elementor-section-boxed elementor-section-height-default elementor-section-height-default\" data-id=\"28f585a\" data-element_type=\"section\">\n\t\t\t\t\t\t<div class=\"elementor-container elementor-column-gap-default\">\n\t\t\t\t\t<div class=\"elementor-column elementor-col-100 elementor-top-column elementor-element elementor-element-dee6220\" data-id=\"dee6220\" data-element_type=\"column\">\n\t\t\t<div class=\"elementor-widget-wrap elementor-element-populated\">\n\t\t\t\t\t\t\t\t<div class=\"elementor-element elementor-element-a6d2df1 elementor-widget elementor-widget-spacer\" data-id=\"a6d2df1\" data-element_type=\"widget\" data-widget_type=\"spacer.default\">\n\t\t\t\t<div class=\"elementor-widget-container\">\n\t\t\t<style>\/*! elementor - v3.10.0 - 09-01-2023 *\/\n.elementor-column .elementor-spacer-inner{height:var(--spacer-size)}.e-con{--container-widget-width:100%}.e-con-inner>.elementor-widget-spacer,.e-con>.elementor-widget-spacer{width:var(--container-widget-width,var(--spacer-size));--align-self:var(--container-widget-align-self,initial);--flex-shrink:0}.e-con-inner>.elementor-widget-spacer>.elementor-widget-container,.e-con-inner>.elementor-widget-spacer>.elementor-widget-container>.elementor-spacer,.e-con>.elementor-widget-spacer>.elementor-widget-container,.e-con>.elementor-widget-spacer>.elementor-widget-container>.elementor-spacer{height:100%}.e-con-inner>.elementor-widget-spacer>.elementor-widget-container>.elementor-spacer>.elementor-spacer-inner,.e-con>.elementor-widget-spacer>.elementor-widget-container>.elementor-spacer>.elementor-spacer-inner{height:var(--container-widget-height,var(--spacer-size))}<\/style>\t\t<div class=\"elementor-spacer\">\n\t\t\t<div class=\"elementor-spacer-inner\"><\/div>\n\t\t<\/div>\n\t\t\t\t<\/div>\n\t\t\t\t<\/div>\n\t\t\t\t<div class=\"elementor-element elementor-element-e9de263 elementor-widget elementor-widget-heading\" data-id=\"e9de263\" data-element_type=\"widget\" data-widget_type=\"heading.default\">\n\t\t\t\t<div class=\"elementor-widget-container\">\n\t\t\t<style>\/*! elementor - v3.10.0 - 09-01-2023 *\/\n.elementor-heading-title{padding:0;margin:0;line-height:1}.elementor-widget-heading .elementor-heading-title[class*=elementor-size-]>a{color:inherit;font-size:inherit;line-height:inherit}.elementor-widget-heading .elementor-heading-title.elementor-size-small{font-size:15px}.elementor-widget-heading .elementor-heading-title.elementor-size-medium{font-size:19px}.elementor-widget-heading .elementor-heading-title.elementor-size-large{font-size:29px}.elementor-widget-heading .elementor-heading-title.elementor-size-xl{font-size:39px}.elementor-widget-heading .elementor-heading-title.elementor-size-xxl{font-size:59px}<\/style><h2 class=\"elementor-heading-title elementor-size-default\">\u00dcber mich<\/h2>\t\t<\/div>\n\t\t\t\t<\/div>\n\t\t\t\t\t<\/div>\n\t\t<\/div>\n\t\t\t\t\t\t\t<\/div>\n\t\t<\/section>\n\t\t\t\t<section class=\"elementor-section elementor-top-section elementor-element elementor-element-18d01ab elementor-section-boxed elementor-section-height-default elementor-section-height-default\" data-id=\"18d01ab\" data-element_type=\"section\">\n\t\t\t\t\t\t\t<div class=\"elementor-background-overlay\"><\/div>\n\t\t\t\t\t\t\t<div class=\"elementor-container elementor-column-gap-default\">\n\t\t\t\t\t<div class=\"elementor-column elementor-col-100 elementor-top-column elementor-element elementor-element-2ea442f\" data-id=\"2ea442f\" data-element_type=\"column\">\n\t\t\t<div class=\"elementor-widget-wrap elementor-element-populated\">\n\t\t\t\t\t\t\t\t<section class=\"elementor-section elementor-inner-section elementor-element elementor-element-0814eef elementor-section-boxed elementor-section-height-default elementor-section-height-default\" data-id=\"0814eef\" data-element_type=\"section\">\n\t\t\t\t\t\t<div class=\"elementor-container elementor-column-gap-default\">\n\t\t\t\t\t<div class=\"elementor-column elementor-col-50 elementor-inner-column elementor-element elementor-element-b22d1c8\" data-id=\"b22d1c8\" data-element_type=\"column\">\n\t\t\t<div class=\"elementor-widget-wrap elementor-element-populated\">\n\t\t\t\t\t\t\t\t<div class=\"elementor-element elementor-element-6d9c916 elementor-widget elementor-widget-image\" data-id=\"6d9c916\" data-element_type=\"widget\" data-widget_type=\"image.default\">\n\t\t\t\t<div class=\"elementor-widget-container\">\n\t\t\t<style>\/*! elementor - v3.10.0 - 09-01-2023 *\/\n.elementor-widget-image{text-align:center}.elementor-widget-image a{display:inline-block}.elementor-widget-image a img[src$=\".svg\"]{width:48px}.elementor-widget-image img{vertical-align:middle;display:inline-block}<\/style>\t\t\t\t\t\t\t\t\t\t\t\t<img decoding=\"async\" width=\"640\" height=\"960\" src=\"https:\/\/www.rashmi-grashorn.de\/wp\/wp-content\/uploads\/2022\/02\/IMG_9289-683x1024.jpg\" class=\"attachment-large size-large wp-image-72\" alt=\"\" loading=\"lazy\" srcset=\"https:\/\/www.rashmi-grashorn.de\/wp\/wp-content\/uploads\/2022\/02\/IMG_9289-683x1024.jpg 683w, https:\/\/www.rashmi-grashorn.de\/wp\/wp-content\/uploads\/2022\/02\/IMG_9289-200x300.jpg 200w, https:\/\/www.rashmi-grashorn.de\/wp\/wp-content\/uploads\/2022\/02\/IMG_9289-768x1152.jpg 768w, https:\/\/www.rashmi-grashorn.de\/wp\/wp-content\/uploads\/2022\/02\/IMG_9289-1024x1536.jpg 1024w, https:\/\/www.rashmi-grashorn.de\/wp\/wp-content\/uploads\/2022\/02\/IMG_9289.jpg 1200w\" sizes=\"(max-width: 640px) 100vw, 640px\" \/>\t\t\t\t\t\t\t\t\t\t\t\t\t\t\t<\/div>\n\t\t\t\t<\/div>\n\t\t\t\t\t<\/div>\n\t\t<\/div>\n\t\t\t\t<div class=\"elementor-column elementor-col-50 elementor-inner-column elementor-element elementor-element-47c9adf\" data-id=\"47c9adf\" data-element_type=\"column\">\n\t\t\t<div class=\"elementor-widget-wrap elementor-element-populated\">\n\t\t\t\t\t\t\t\t<div class=\"elementor-element elementor-element-ec45cbb elementor-widget elementor-widget-text-editor\" data-id=\"ec45cbb\" data-element_type=\"widget\" data-widget_type=\"text-editor.default\">\n\t\t\t\t<div class=\"elementor-widget-container\">\n\t\t\t<style>\/*! elementor - v3.10.0 - 09-01-2023 *\/\n.elementor-widget-text-editor.elementor-drop-cap-view-stacked .elementor-drop-cap{background-color:#818a91;color:#fff}.elementor-widget-text-editor.elementor-drop-cap-view-framed .elementor-drop-cap{color:#818a91;border:3px solid;background-color:transparent}.elementor-widget-text-editor:not(.elementor-drop-cap-view-default) .elementor-drop-cap{margin-top:8px}.elementor-widget-text-editor:not(.elementor-drop-cap-view-default) .elementor-drop-cap-letter{width:1em;height:1em}.elementor-widget-text-editor .elementor-drop-cap{float:left;text-align:center;line-height:1;font-size:50px}.elementor-widget-text-editor .elementor-drop-cap-letter{display:inline-block}<\/style>\t\t\t\t<p>Ich wurde 1988 in Ranchi, Indien geboren. Meine Kindheit und fr\u00fche Jugend verbrachte ich in Hude im Landkreis Oldenburg. Bereits im ersten Lebensjahr bin ich bei meiner ersten Anti-AKW-Demo mitgelaufen und habe in den Folgejahren meiner Kindheit eine Ahnung von der Bedeutsamkeit des sozialen und politischen Engagements entwickeln k\u00f6nnen. Dabei habe ich gelernt, dass alles, was uns im Alltag begegnet, mit Politik zu tun hat. Als junge Erwachsene merkte ich, dass mir mein Heimatort etwas zu klein geworden war und zog ein paar Kilometer weiter in die Stadt Oldenburg. Gepr\u00e4gt durch eigene Erfahrungen und durch die Erfahrungen anderer, setzte ich mich im Jugendalter gegen Rassismus und f\u00fcr die Inklusion von Menschen mit Behinderung sowie f\u00fcr Menschen mit queerem Hintergrund ein. F\u00fcr mich stand schon fr\u00fch fest, dass Vielfalt etwas Positives ist, von dem alle profitieren k\u00f6nnen. Auf der anderen Seite merkte ich auch, dass nicht alle beispielsweise den gleichen Zugang zu Bildung in Deutschland haben und Merkmale wie Geschlecht und Hautfarbe eine gro\u00dfe Rolle spielen.<\/p>\t\t\t\t\t\t<\/div>\n\t\t\t\t<\/div>\n\t\t\t\t\t<\/div>\n\t\t<\/div>\n\t\t\t\t\t\t\t<\/div>\n\t\t<\/section>\n\t\t\t\t\t<\/div>\n\t\t<\/div>\n\t\t\t\t\t\t\t<\/div>\n\t\t<\/section>\n\t\t\t\t<section class=\"elementor-section elementor-top-section elementor-element elementor-element-8f3cfdd elementor-section-boxed elementor-section-height-default elementor-section-height-default\" data-id=\"8f3cfdd\" data-element_type=\"section\">\n\t\t\t\t\t\t\t<div class=\"elementor-background-overlay\"><\/div>\n\t\t\t\t\t\t\t<div class=\"elementor-container elementor-column-gap-default\">\n\t\t\t\t\t<div class=\"elementor-column elementor-col-100 elementor-top-column elementor-element elementor-element-692b41a\" data-id=\"692b41a\" data-element_type=\"column\">\n\t\t\t<div class=\"elementor-widget-wrap elementor-element-populated\">\n\t\t\t\t\t\t\t\t<div class=\"elementor-element elementor-element-3eb8ddb elementor-widget elementor-widget-text-editor\" data-id=\"3eb8ddb\" data-element_type=\"widget\" data-widget_type=\"text-editor.default\">\n\t\t\t\t<div class=\"elementor-widget-container\">\n\t\t\t\t\t\t\t<p>F\u00fcr meine Ausbildung zur Sozialassistentin bin ich 2013 nach Hildesheim gezogen. Durch meine Reiselust und das Kennenlernen verschiedener Kulturen, ist mir noch bewusster geworden, dass Diversit\u00e4t eine Chance und kein Hindernis ist. Seit Oktober 2020 studiere ich an der Universit\u00e4t Hildesheim Erziehungswissenschaften mit dem Nebenfach Politikwissenschaften. 2017 erkannte ich, dass es zur wirksamen Bek\u00e4mpfung sozialer und struktureller Probleme eine m\u00f6glichst umfassende, politisch organisierte Basis braucht und trat den Gr\u00fcnen bei.\u00a0 Ich bin der Meinung, dass wir alle St\u00fcck f\u00fcr St\u00fcck unsere Gesellschaft sozialer und nachhaltiger machen k\u00f6nnen \u2013 und dass beides immer nur zusammen geht!<\/p><div>\u00a0<\/div>\t\t\t\t\t\t<\/div>\n\t\t\t\t<\/div>\n\t\t\t\t\t<\/div>\n\t\t<\/div>\n\t\t\t\t\t\t\t<\/div>\n\t\t<\/section>\n\t\t\t\t\t\t\t<\/div>\n\t\t","protected":false},"excerpt":{"rendered":"<p>\u00dcber mich Ich wurde 1988 in Ranchi, Indien geboren. Meine Kindheit und fr\u00fche Jugend verbrachte ich in Hude im Landkreis Oldenburg. Bereits im ersten Lebensjahr bin ich bei meiner ersten\u2026<\/p>\n","protected":false},"author":2,"featured_media":0,"parent":0,"menu_order":0,"comment_status":"closed","ping_status":"closed","template":"","meta":[],"_links":{"self":[{"href":"https:\/\/www.rashmi-grashorn.de\/wp\/index.php?rest_route=\/wp\/v2\/pages\/58"}],"collection":[{"href":"https:\/\/www.rashmi-grashorn.de\/wp\/index.php?rest_route=\/wp\/v2\/pages"}],"about":[{"href":"https:\/\/www.rashmi-grashorn.de\/wp\/index.php?rest_route=\/wp\/v2\/types\/page"}],"author":[{"embeddable":true,"href":"https:\/\/www.rashmi-grashorn.de\/wp\/index.php?rest_route=\/wp\/v2\/users\/2"}],"replies":[{"embeddable":true,"href":"https:\/\/www.rashmi-grashorn.de\/wp\/index.php?rest_route=%2Fwp%2Fv2%2Fcomments&post=58"}],"version-history":[{"count":39,"href":"https:\/\/www.rashmi-grashorn.de\/wp\/index.php?rest_route=\/wp\/v2\/pages\/58\/revisions"}],"predecessor-version":[{"id":257,"href":"https:\/\/www.rashmi-grashorn.de\/wp\/index.php?rest_route=\/wp\/v2\/pages\/58\/revisions\/257"}],"wp:attachment":[{"href":"https:\/\/www.rashmi-grashorn.de\/wp\/index.php?rest_route=%2Fwp%2Fv2%2Fmedia&parent=58"}],"curies":[{"name":"wp","href":"https:\/\/api.w.org\/{rel}","templated":true}]}}