{"id":288,"date":"2023-01-09T17:08:11","date_gmt":"2023-01-09T16:08:11","guid":{"rendered":"https:\/\/www.rashmi-grashorn.de\/wp\/?page_id=288"},"modified":"2023-01-10T11:05:39","modified_gmt":"2023-01-10T10:05:39","slug":"sprechstunde","status":"publish","type":"page","link":"https:\/\/www.rashmi-grashorn.de\/wp\/?page_id=288","title":{"rendered":"Sprechstunde"},"content":{"rendered":"\t\t<div data-elementor-type=\"wp-page\" data-elementor-id=\"288\" class=\"elementor elementor-288\">\n\t\t\t\t\t\t\t\t\t<section class=\"elementor-section elementor-top-section elementor-element elementor-element-0b2449e elementor-section-boxed elementor-section-height-default elementor-section-height-default\" data-id=\"0b2449e\" data-element_type=\"section\">\n\t\t\t\t\t\t<div class=\"elementor-container elementor-column-gap-default\">\n\t\t\t\t\t<div class=\"elementor-column elementor-col-50 elementor-top-column elementor-element elementor-element-bc76bb8\" data-id=\"bc76bb8\" data-element_type=\"column\">\n\t\t\t<div class=\"elementor-widget-wrap elementor-element-populated\">\n\t\t\t\t\t\t\t\t<div class=\"elementor-element elementor-element-72bfc0d elementor-widget elementor-widget-text-editor\" data-id=\"72bfc0d\" data-element_type=\"widget\" data-widget_type=\"text-editor.default\">\n\t\t\t\t<div class=\"elementor-widget-container\">\n\t\t\t<style>\/*! elementor - v3.10.0 - 09-01-2023 *\/\n.elementor-widget-text-editor.elementor-drop-cap-view-stacked .elementor-drop-cap{background-color:#818a91;color:#fff}.elementor-widget-text-editor.elementor-drop-cap-view-framed .elementor-drop-cap{color:#818a91;border:3px solid;background-color:transparent}.elementor-widget-text-editor:not(.elementor-drop-cap-view-default) .elementor-drop-cap{margin-top:8px}.elementor-widget-text-editor:not(.elementor-drop-cap-view-default) .elementor-drop-cap-letter{width:1em;height:1em}.elementor-widget-text-editor .elementor-drop-cap{float:left;text-align:center;line-height:1;font-size:50px}.elementor-widget-text-editor .elementor-drop-cap-letter{display:inline-block}<\/style>\t\t\t\t<p><span lang=\"de-DE\">Sie haben Fragen zu meiner Arbeit als Landtagsabgeordnete oder ein Anliegen aus Ihrem Ort, das Sie gerne ansprechen w\u00fcrden?<\/span><\/p><p><span lang=\"de-DE\">Jeden Montag von 15-17 Uhr, in der Jakobistr. 15 in Hildesheim (Gr\u00fcnes B\u00fcro) wird meine Mitarbeiterin f\u00fcr Regionales, Julia Gebhardt f\u00fcr Sie als B\u00fcrger*innen ansprechbar sein. Kommen Sie gerne vorbei!<\/span><\/p><p><span lang=\"de-DE\">Zudem ist sie Dienstags von 10-13 Uhr telefonisch f\u00fcr Sie erreichbar.<\/span><\/p><p>Und so k\u00f6nnen Sie mich zu regionalen Belangen erreichen:<\/p><p><span lang=\"de-DE\">Mail: <\/span><span style=\"color: #0563c1;\"><u><a href=\"#\" data-unscramble=\"ed.nrohsarg-imhsar@lanoiger\"><span lang=\"de-DE\">regional@rashmi-grashorn.de<\/span><\/a><\/u><\/span><\/p><p><span lang=\"de-DE\">Tel.: +4917685177395<\/span><\/p><p><span lang=\"de-DE\">Wir freuen uns auf den Austausch mit Ihnen!<\/span><\/p>\t\t\t\t\t\t<\/div>\n\t\t\t\t<\/div>\n\t\t\t\t\t<\/div>\n\t\t<\/div>\n\t\t\t\t<div class=\"elementor-column elementor-col-50 elementor-top-column elementor-element elementor-element-bd8c568\" data-id=\"bd8c568\" data-element_type=\"column\">\n\t\t\t<div class=\"elementor-widget-wrap elementor-element-populated\">\n\t\t\t\t\t\t\t\t<div class=\"elementor-element elementor-element-b8e591d elementor-widget elementor-widget-image\" data-id=\"b8e591d\" data-element_type=\"widget\" data-widget_type=\"image.default\">\n\t\t\t\t<div class=\"elementor-widget-container\">\n\t\t\t<style>\/*! elementor - v3.10.0 - 09-01-2023 *\/\n.elementor-widget-image{text-align:center}.elementor-widget-image a{display:inline-block}.elementor-widget-image a img[src$=\".svg\"]{width:48px}.elementor-widget-image img{vertical-align:middle;display:inline-block}<\/style>\t\t\t\t\t\t\t\t\t\t\t\t<img decoding=\"async\" width=\"640\" height=\"640\" src=\"https:\/\/www.rashmi-grashorn.de\/wp\/wp-content\/uploads\/2023\/01\/komm-zur-offen-instagram-bild-1024x1024.jpg\" class=\"attachment-large size-large wp-image-284\" alt=\"\" loading=\"lazy\" srcset=\"https:\/\/www.rashmi-grashorn.de\/wp\/wp-content\/uploads\/2023\/01\/komm-zur-offen-instagram-bild-1024x1024.jpg 1024w, https:\/\/www.rashmi-grashorn.de\/wp\/wp-content\/uploads\/2023\/01\/komm-zur-offen-instagram-bild-300x300.jpg 300w, https:\/\/www.rashmi-grashorn.de\/wp\/wp-content\/uploads\/2023\/01\/komm-zur-offen-instagram-bild-150x150.jpg 150w, https:\/\/www.rashmi-grashorn.de\/wp\/wp-content\/uploads\/2023\/01\/komm-zur-offen-instagram-bild-768x768.jpg 768w, https:\/\/www.rashmi-grashorn.de\/wp\/wp-content\/uploads\/2023\/01\/komm-zur-offen-instagram-bild.jpg 1080w\" sizes=\"(max-width: 640px) 100vw, 640px\" \/>\t\t\t\t\t\t\t\t\t\t\t\t\t\t\t<\/div>\n\t\t\t\t<\/div>\n\t\t\t\t\t<\/div>\n\t\t<\/div>\n\t\t\t\t\t\t\t<\/div>\n\t\t<\/section>\n\t\t\t\t\t\t\t<\/div>\n\t\t","protected":false},"excerpt":{"rendered":"<p>Sie haben Fragen zu meiner Arbeit als Landtagsabgeordnete oder ein Anliegen aus Ihrem Ort, das Sie gerne ansprechen w\u00fcrden? Jeden Montag von 15-17 Uhr, in der Jakobistr. 15 in Hildesheim\u2026<\/p>\n","protected":false},"author":3,"featured_media":0,"parent":0,"menu_order":0,"comment_status":"closed","ping_status":"closed","template":"","meta":[],"_links":{"self":[{"href":"https:\/\/www.rashmi-grashorn.de\/wp\/index.php?rest_route=\/wp\/v2\/pages\/288"}],"collection":[{"href":"https:\/\/www.rashmi-grashorn.de\/wp\/index.php?rest_route=\/wp\/v2\/pages"}],"about":[{"href":"https:\/\/www.rashmi-grashorn.de\/wp\/index.php?rest_route=\/wp\/v2\/types\/page"}],"author":[{"embeddable":true,"href":"https:\/\/www.rashmi-grashorn.de\/wp\/index.php?rest_route=\/wp\/v2\/users\/3"}],"replies":[{"embeddable":true,"href":"https:\/\/www.rashmi-grashorn.de\/wp\/index.php?rest_route=%2Fwp%2Fv2%2Fcomments&post=288"}],"version-history":[{"count":7,"href":"https:\/\/www.rashmi-grashorn.de\/wp\/index.php?rest_route=\/wp\/v2\/pages\/288\/revisions"}],"predecessor-version":[{"id":297,"href":"https:\/\/www.rashmi-grashorn.de\/wp\/index.php?rest_route=\/wp\/v2\/pages\/288\/revisions\/297"}],"wp:attachment":[{"href":"https:\/\/www.rashmi-grashorn.de\/wp\/index.php?rest_route=%2Fwp%2Fv2%2Fmedia&parent=288"}],"curies":[{"name":"wp","href":"https:\/\/api.w.org\/{rel}","templated":true}]}}